{"id":1391,"date":"2019-06-21T17:10:46","date_gmt":"2019-06-21T17:10:46","guid":{"rendered":"https:\/\/www.red03.com\/2016\/?page_id=1391"},"modified":"2021-02-15T16:31:13","modified_gmt":"2021-02-15T16:31:13","slug":"la-galeria","status":"publish","type":"page","link":"https:\/\/www.red03.com\/2016\/la-galeria\/","title":{"rendered":"la galer\u00eda"},"content":{"rendered":"<div align=\"justify\">\n<p style=\"text-align: justify;\">Desde su inauguraci\u00f3n en septiembre de 2006, red03 no es solo una galer\u00eda, sino un espacio alternativo de difusi\u00f3n y exhibici\u00f3n, donde el arte se convierte en parte de la vida cotidiana.<\/p>\n<\/div>\n<div style=\"text-align: justify;\" align=\"justify\">\n<p>En red03 elegimos representar el arte y los artistas que exploran varios medios, t\u00e9cnicas o ideas que son universales, desarrollando su propia visi\u00f3n del mundo.<\/p>\n<p>Promocionamos a nuestros artistas emergentes o de mitad de carrera, ofreciendo arte contempor\u00e1neo en un ambiente relajado y accesible, que ahora puede disfrutar visitando nuestra galer\u00eda en l\u00ednea desde cualquier sitio.<\/p>\n<\/div>\n<p style=\"text-align: justify;\">La mayor\u00eda de las obras que figuran en nuestra galer\u00eda est\u00e1n disponibles para su compra online inmediata. Si est\u00e1 interesado en alguna obra o alg\u00fan artista que no est\u00e1 disponible, por favor comun\u00edquese con nosotros.<\/p>\n<p style=\"text-align: right;\">informaci\u00f3n general: galeria@red03.com<\/p>\n<p style=\"text-align: center;\">._._._._._._.<\/p>\n<h3 style=\"text-align: center;\"><a href=\"#\">2006 &#8211; 2016<\/a>\u00a0\u00a0\u00a0\u00a0\u00a0\u00a0\u00a0\u00a0<a href=\"https:\/\/www.red03.com\/2016\/category\/la-galeria\/2016-2019\/\" target=\"_blank\" rel=\"noopener noreferrer\">2016 &#8211; 2020<\/a>\u00a0 \u00a0 \u00a0 \u00a0<a title=\"Online Viewing Rooms\" href=\"https:\/\/www.red03.com\/2016\/online-viewing-rooms\/\" target=\"_blank\" rel=\"noopener noreferrer\">2020 Salas de visualizaci\u00f3n 3D<\/a><\/h3>\n","protected":false},"excerpt":{"rendered":"<p>Desde su inauguraci\u00f3n en septiembre de 2006, red03 no es solo una galer\u00eda, sino un espacio alternativo de difusi\u00f3n y exhibici\u00f3n, donde el arte se convierte en parte de la vida cotidiana. En red03 elegimos representar el arte y los artistas que exploran varios medios, t\u00e9cnicas o ideas que son universales, desarrollando su propia visi\u00f3n [&hellip;]<\/p>\n","protected":false},"author":1,"featured_media":0,"parent":0,"menu_order":0,"comment_status":"closed","ping_status":"closed","template":"","meta":{"seo_booster_metabox":""},"aioseo_notices":[],"_links":{"self":[{"href":"https:\/\/www.red03.com\/2016\/wp-json\/wp\/v2\/pages\/1391"}],"collection":[{"href":"https:\/\/www.red03.com\/2016\/wp-json\/wp\/v2\/pages"}],"about":[{"href":"https:\/\/www.red03.com\/2016\/wp-json\/wp\/v2\/types\/page"}],"author":[{"embeddable":true,"href":"https:\/\/www.red03.com\/2016\/wp-json\/wp\/v2\/users\/1"}],"replies":[{"embeddable":true,"href":"https:\/\/www.red03.com\/2016\/wp-json\/wp\/v2\/comments?post=1391"}],"version-history":[{"count":19,"href":"https:\/\/www.red03.com\/2016\/wp-json\/wp\/v2\/pages\/1391\/revisions"}],"predecessor-version":[{"id":4744,"href":"https:\/\/www.red03.com\/2016\/wp-json\/wp\/v2\/pages\/1391\/revisions\/4744"}],"wp:attachment":[{"href":"https:\/\/www.red03.com\/2016\/wp-json\/wp\/v2\/media?parent=1391"}],"curies":[{"name":"wp","href":"https:\/\/api.w.org\/{rel}","templated":true}]}}