{"id":2106,"date":"2019-07-14T10:25:48","date_gmt":"2019-07-14T10:25:48","guid":{"rendered":"https:\/\/www.red03.com\/2016\/?page_id=2106"},"modified":"2021-02-15T16:32:03","modified_gmt":"2021-02-15T16:32:03","slug":"suscribe-to-mailing-list","status":"publish","type":"page","link":"https:\/\/www.red03.com\/2016\/suscribe-to-mailing-list\/","title":{"rendered":"Mantenerse informado"},"content":{"rendered":"<h5>Reciba nuestras novedades.<br \/>\n\u00danase a nuestra lista de correos<br \/>\nReg\u00edstrese a continuaci\u00f3n para unirse al bolet\u00edn de correo electr\u00f3nico. No<br \/>\nse preocupe, nunca le enviaremos correo no deseado, solo enviamos<br \/>\ninvitaciones a eventos y obras de arte relevantes<\/h5>\n<script>(function() {\n\twindow.mc4wp = window.mc4wp || {\n\t\tlisteners: [],\n\t\tforms: {\n\t\t\ton: function(evt, cb) {\n\t\t\t\twindow.mc4wp.listeners.push(\n\t\t\t\t\t{\n\t\t\t\t\t\tevent   : evt,\n\t\t\t\t\t\tcallback: cb\n\t\t\t\t\t}\n\t\t\t\t);\n\t\t\t}\n\t\t}\n\t}\n})();\n<\/script><!-- Mailchimp for WordPress v4.10.2 - https:\/\/wordpress.org\/plugins\/mailchimp-for-wp\/ --><form id=\"mc4wp-form-1\" class=\"mc4wp-form mc4wp-form-2102\" method=\"post\" data-id=\"2102\" data-name=\"Suscripcion a mailing list  red03\" ><div class=\"mc4wp-form-fields\"><p><strong>\r\n  Suscribirse a mailing list <\/strong>\r\n<\/p>\r\n<p>\r\n    <label>Nombre<\/label>\r\n    <input type=\"text\" name=\"FNAME\">\r\n<\/p>\r\n<p>\r\n    <label>Apellido<\/label>\r\n    <input type=\"text\" name=\"LNAME\">\r\n<\/p>\r\n<p>\r\n\t<label>Direcci\u00f3n de correo electr\u00f3nico: <\/label>\r\n\t<input type=\"email\" name=\"EMAIL\" placeholder=\"Tu direcci\u00f3n de correo electr\u00f3nico\" required \/>\r\n<\/p>\r\n<p>\r\n    <label>Acci\u00f3n<\/label>\r\n    <label>\r\n        <input name=\"_mc4wp_action\" type=\"radio\" value=\"subscribe\" required=\"\"\r\n        checked=\"true\"> <span>Subscribe<\/span>\r\n    <\/label>\r\n    <label>\r\n        <input name=\"_mc4wp_action\" type=\"radio\" value=\"unsubscribe\" required=\"\"> <span>Unsubscribe<\/span>\r\n    <\/label>\r\n<\/p>\r\n<p>\r\n    <label>\r\n        <input name=\"AGREE_TO_TERMS\" type=\"checkbox\" value=\"1\" required=\"\"> <a href=\"https:\/\/www.red03.com\/2016\/condiciones\/\" target=\"_blank\">He le\u00eddo y acepto los t\u00e9rminos y condiciones<\/a>\r\n    <\/label>\r\n<\/p>\r\n<p>\r\n\t<input type=\"submit\" value=\"Registro\" \/>\r\n<\/p><\/div><label style=\"display: none !important;\">Deja vac\u00edo este campo si eres humano: <input type=\"text\" name=\"_mc4wp_honeypot\" value=\"\" tabindex=\"-1\" autocomplete=\"off\" \/><\/label><input type=\"hidden\" name=\"_mc4wp_timestamp\" value=\"1776600641\" \/><input type=\"hidden\" name=\"_mc4wp_form_id\" value=\"2102\" \/><input type=\"hidden\" name=\"_mc4wp_form_element_id\" value=\"mc4wp-form-1\" \/><div class=\"mc4wp-response\"><\/div><\/form><!-- \/ Mailchimp for WordPress Plugin -->\n","protected":false},"excerpt":{"rendered":"<p>Reciba nuestras novedades. \u00danase a nuestra lista de correos Reg\u00edstrese a continuaci\u00f3n para unirse al bolet\u00edn de correo electr\u00f3nico. No se preocupe, nunca le enviaremos correo no deseado, solo enviamos invitaciones a eventos y obras de arte relevantes<\/p>\n","protected":false},"author":1,"featured_media":0,"parent":0,"menu_order":0,"comment_status":"closed","ping_status":"closed","template":"","meta":{"seo_booster_metabox":""},"aioseo_notices":[],"_links":{"self":[{"href":"https:\/\/www.red03.com\/2016\/wp-json\/wp\/v2\/pages\/2106"}],"collection":[{"href":"https:\/\/www.red03.com\/2016\/wp-json\/wp\/v2\/pages"}],"about":[{"href":"https:\/\/www.red03.com\/2016\/wp-json\/wp\/v2\/types\/page"}],"author":[{"embeddable":true,"href":"https:\/\/www.red03.com\/2016\/wp-json\/wp\/v2\/users\/1"}],"replies":[{"embeddable":true,"href":"https:\/\/www.red03.com\/2016\/wp-json\/wp\/v2\/comments?post=2106"}],"version-history":[{"count":7,"href":"https:\/\/www.red03.com\/2016\/wp-json\/wp\/v2\/pages\/2106\/revisions"}],"predecessor-version":[{"id":3596,"href":"https:\/\/www.red03.com\/2016\/wp-json\/wp\/v2\/pages\/2106\/revisions\/3596"}],"wp:attachment":[{"href":"https:\/\/www.red03.com\/2016\/wp-json\/wp\/v2\/media?parent=2106"}],"curies":[{"name":"wp","href":"https:\/\/api.w.org\/{rel}","templated":true}]}}