{"id":3754,"date":"2020-06-19T11:04:42","date_gmt":"2020-06-19T11:04:42","guid":{"rendered":"https:\/\/www.red03.com\/2016\/?page_id=3754"},"modified":"2020-06-19T11:04:42","modified_gmt":"2020-06-19T11:04:42","slug":"pago-seguro","status":"publish","type":"page","link":"https:\/\/www.red03.com\/2016\/pago-seguro\/","title":{"rendered":"Pago seguro"},"content":{"rendered":"<p dir=\"ltr\">Tarjeta de cr\u00e9dito VISA o MASTERCARD<\/p>\n<ul>\n<li dir=\"ltr\">\n<p dir=\"ltr\">Te garantizamos que cada una de las transacciones realizadas en <strong>red03 Art Gallery<\/strong> es 100% segura. Todas las operaciones que implican la transmisi\u00f3n de datos personales o bancarios se realizan utilizando un entorno seguro. <strong>red03 Art Gallery<\/strong> utiliza un servidor basado en la tecnolog\u00eda de seguridad est\u00e1ndar SSL (Secure Socked Layer). Toda la informaci\u00f3n que nos transmitas viaja cifrada a trav\u00e9s de la red.<\/p>\n<\/li>\n<li dir=\"ltr\">\n<p dir=\"ltr\">Asimismo, los datos sobre tu tarjeta de cr\u00e9dito no quedan registrados en ninguna base de datos sino que van directamente al TPV (Terminal Punto de Venta) del Banco Santander.<\/p>\n<\/li>\n<li dir=\"ltr\">\n<p dir=\"ltr\">Adem\u00e1s, te informamos que en un esfuerzo por proporcionar mayor seguridad a los propietarios de tarjetas de cr\u00e9dito, hemos incorporado en nuestra pasarela de pagos el sistema de pago seguro denominado CES (Comercio Electr\u00f3nico Seguro). De esta forma, si eres titular de una tarjeta \u201csecurizada\u201d siempre podr\u00e1 efectuar pagos con tarjeta VISA o MASTERCARD en nuestra tienda.<\/p>\n<\/li>\n<li dir=\"ltr\">\n<p dir=\"ltr\">En el caso de que tu tarjeta no est\u00e9 adherida a este sistema de pago, <strong>red03 Art Gallery<\/strong> s\u00f3lo admitir\u00e1 el pago con tarjeta de cr\u00e9dito VISA o MASTERCARD a clientes con antig\u00fcedad y fiabilidad demostradas anteriormente.<\/p>\n<\/li>\n<li dir=\"ltr\">\n<p dir=\"ltr\">En ambos casos, al pagar con tarjeta VISA o MASTERCARD se solicitar\u00e1n siempre los siguientes datos: el n\u00famero de tarjeta, la fecha de caducidad, y un C\u00f3digo de Validaci\u00f3n que coincide con las 3 \u00faltimas cifras del n\u00famero impreso en cursiva en el reverso de su tarjeta VISA o MASTERCARD, ofreciendo, de esta forma, m\u00e1s garant\u00edas acerca de la seguridad de la transacci\u00f3n.<\/p>\n<\/li>\n<li dir=\"ltr\">\n<p dir=\"ltr\">Importante : El fraude con tarjeta de cr\u00e9dito es un delito, y <strong>red03 Art Gallery<\/strong> entablar\u00e1 acci\u00f3n judicial contra todo aquel que realice una transacci\u00f3n fraudulenta en nuestra tienda on-line.<\/p>\n<\/li>\n<\/ul>\n<p><img loading=\"lazy\" class=\"aligncenter wp-image-3755 size-full\" src=\"https:\/\/www.red03.com\/2016\/wp-content\/uploads\/2020\/06\/pago-tarjeta-completo-copia.png\" alt=\"Pago seguro con tarjeta\" width=\"300\" height=\"89\" srcset=\"https:\/\/www.red03.com\/2016\/wp-content\/uploads\/2020\/06\/pago-tarjeta-completo-copia.png 300w, https:\/\/www.red03.com\/2016\/wp-content\/uploads\/2020\/06\/pago-tarjeta-completo-copia-262x78.png 262w\" sizes=\"(max-width: 300px) 100vw, 300px\" \/><\/p>\n","protected":false},"excerpt":{"rendered":"<p>Tarjeta de cr\u00e9dito VISA o MASTERCARD Te garantizamos que cada una de las transacciones realizadas en red03 Art Gallery es 100% segura. Todas las operaciones que implican la transmisi\u00f3n de datos personales o bancarios se realizan utilizando un entorno seguro. red03 Art Gallery utiliza un servidor basado en la tecnolog\u00eda de seguridad est\u00e1ndar SSL (Secure [&hellip;]<\/p>\n","protected":false},"author":1,"featured_media":0,"parent":0,"menu_order":0,"comment_status":"closed","ping_status":"closed","template":"","meta":{"seo_booster_metabox":""},"aioseo_notices":[],"_links":{"self":[{"href":"https:\/\/www.red03.com\/2016\/wp-json\/wp\/v2\/pages\/3754"}],"collection":[{"href":"https:\/\/www.red03.com\/2016\/wp-json\/wp\/v2\/pages"}],"about":[{"href":"https:\/\/www.red03.com\/2016\/wp-json\/wp\/v2\/types\/page"}],"author":[{"embeddable":true,"href":"https:\/\/www.red03.com\/2016\/wp-json\/wp\/v2\/users\/1"}],"replies":[{"embeddable":true,"href":"https:\/\/www.red03.com\/2016\/wp-json\/wp\/v2\/comments?post=3754"}],"version-history":[{"count":1,"href":"https:\/\/www.red03.com\/2016\/wp-json\/wp\/v2\/pages\/3754\/revisions"}],"predecessor-version":[{"id":3757,"href":"https:\/\/www.red03.com\/2016\/wp-json\/wp\/v2\/pages\/3754\/revisions\/3757"}],"wp:attachment":[{"href":"https:\/\/www.red03.com\/2016\/wp-json\/wp\/v2\/media?parent=3754"}],"curies":[{"name":"wp","href":"https:\/\/api.w.org\/{rel}","templated":true}]}}