{"id":5003,"date":"2020-12-14T13:09:43","date_gmt":"2020-12-14T13:09:43","guid":{"rendered":"https:\/\/www.red03.com\/2016\/?page_id=5003"},"modified":"2021-02-15T16:41:49","modified_gmt":"2021-02-15T16:41:49","slug":"seleccion-2020-2021","status":"publish","type":"page","link":"https:\/\/www.red03.com\/2016\/seleccion-2020-2021\/","title":{"rendered":"Selecci\u00f3n 2020-2021."},"content":{"rendered":"<h4><\/h4>\n<h4>The end of the year is an excellent time to start an art collection. Whether it is your own collection or the first piece to give to that special person.<\/h4>\n<h4>Take the opportunity!<\/h4>\n<p style=\"text-align: center;\"><iframe loading=\"lazy\" src=\"https:\/\/art.kunstmatrix.com\/apps\/artspaces\/index.html?external=true&amp;splashscreen=true&amp;language=en&amp;uid=25645&amp;exhibition=3117475\" width=\"100%\" height=\"600\" frameborder=\"0\" scrolling=\"no\" allowfullscreen=\"allowfullscreen\"><\/iframe><\/p>\n<p>Selected works from MARTA TORRES &#8211; TADAHIKO IKEGAKI &#8211; PALOMO MIGUELENA &#8211; TOM\u00c1S M\u00dcLLER &#8211; JOAN CANALS &#8211; MARIA SPISSU NILSON &#8211; JOAN PARRAM\u00d3N &#8211; VILMA DI TARANTO &#8211; N\u00daRIA DURAN &#8211; MARCELA JARD\u00d3N<\/p>\n<h5 style=\"text-align: right;\"><a href=\"https:\/\/www.red03.com\/2016\/wp-content\/uploads\/2020\/12\/red03_art_gallery_Selection_2020-2021_eng-esp.pdf\" target=\"_blank\" rel=\"noopener noreferrer\">Cat\u00e1logo&gt;&gt;&gt;<\/a><\/h5>\n","protected":false},"excerpt":{"rendered":"<p>The end of the year is an excellent time to start an art collection. Whether it is your own collection or the first piece to give to that special person. Take the opportunity! Selected works from MARTA TORRES &#8211; TADAHIKO IKEGAKI &#8211; PALOMO MIGUELENA &#8211; TOM\u00c1S M\u00dcLLER &#8211; JOAN CANALS &#8211; MARIA SPISSU NILSON &#8211; [&hellip;]<\/p>\n","protected":false},"author":1,"featured_media":0,"parent":0,"menu_order":0,"comment_status":"closed","ping_status":"closed","template":"template-fullwidth-no-title.php","meta":{"seo_booster_metabox":""},"aioseo_notices":[],"_links":{"self":[{"href":"https:\/\/www.red03.com\/2016\/wp-json\/wp\/v2\/pages\/5003"}],"collection":[{"href":"https:\/\/www.red03.com\/2016\/wp-json\/wp\/v2\/pages"}],"about":[{"href":"https:\/\/www.red03.com\/2016\/wp-json\/wp\/v2\/types\/page"}],"author":[{"embeddable":true,"href":"https:\/\/www.red03.com\/2016\/wp-json\/wp\/v2\/users\/1"}],"replies":[{"embeddable":true,"href":"https:\/\/www.red03.com\/2016\/wp-json\/wp\/v2\/comments?post=5003"}],"version-history":[{"count":7,"href":"https:\/\/www.red03.com\/2016\/wp-json\/wp\/v2\/pages\/5003\/revisions"}],"predecessor-version":[{"id":5013,"href":"https:\/\/www.red03.com\/2016\/wp-json\/wp\/v2\/pages\/5003\/revisions\/5013"}],"wp:attachment":[{"href":"https:\/\/www.red03.com\/2016\/wp-json\/wp\/v2\/media?parent=5003"}],"curies":[{"name":"wp","href":"https:\/\/api.w.org\/{rel}","templated":true}]}}