{"id":165,"date":"2016-08-14T10:06:39","date_gmt":"2016-08-14T10:06:39","guid":{"rendered":"http:\/\/www.red03.com\/2016\/?post_type=product&#038;p=165"},"modified":"2021-02-15T15:28:57","modified_gmt":"2021-02-15T15:28:57","slug":"gotico-dinamico","status":"publish","type":"product","link":"https:\/\/www.red03.com\/2016\/producto\/gotico-dinamico\/","title":{"rendered":"G\u00f3tico Din\u00e1mico"},"content":{"rendered":"<p>Tadahiko Ikegaki<br \/>\nG\u00f3tico Din\u00e1mico<\/p>\n<p>\u00daltima melancol\u00eda, Serie Chine-coll\u00e9.<br \/>\ncalcograf\u00eda<br \/>\n33 x 50cm<br \/>\nA.P 2010<\/p>\n","protected":false},"excerpt":{"rendered":"<p><strong>Tadahiko Ikegaki<\/strong><br \/>\nG\u00f3tico Din\u00e1mico<br \/>\nLast melancholy Series Chine-coll\u00e9.<br \/>\nIntaglio printing<br \/>\n33 x 50cm<br \/>\nA.P 2010<\/p>\n","protected":false},"featured_media":166,"template":"","meta":{"seo_booster_metabox":""},"product_cat":[103,119,123,54,154],"product_tag":[],"aioseo_notices":[],"_links":{"self":[{"href":"https:\/\/www.red03.com\/2016\/wp-json\/wp\/v2\/product\/165"}],"collection":[{"href":"https:\/\/www.red03.com\/2016\/wp-json\/wp\/v2\/product"}],"about":[{"href":"https:\/\/www.red03.com\/2016\/wp-json\/wp\/v2\/types\/product"}],"wp:featuredmedia":[{"embeddable":true,"href":"https:\/\/www.red03.com\/2016\/wp-json\/wp\/v2\/media\/166"}],"wp:attachment":[{"href":"https:\/\/www.red03.com\/2016\/wp-json\/wp\/v2\/media?parent=165"}],"wp:term":[{"taxonomy":"product_cat","embeddable":true,"href":"https:\/\/www.red03.com\/2016\/wp-json\/wp\/v2\/product_cat?post=165"},{"taxonomy":"product_tag","embeddable":true,"href":"https:\/\/www.red03.com\/2016\/wp-json\/wp\/v2\/product_tag?post=165"}],"curies":[{"name":"wp","href":"https:\/\/api.w.org\/{rel}","templated":true}]}}