{"id":3139,"date":"2019-11-08T18:02:43","date_gmt":"2019-11-08T18:02:43","guid":{"rendered":"https:\/\/www.red03.com\/2016\/?post_type=product&#038;p=3139"},"modified":"2020-07-08T10:14:28","modified_gmt":"2020-07-08T10:14:28","slug":"vision-penetrante","status":"publish","type":"product","link":"https:\/\/www.red03.com\/2016\/producto\/vision-penetrante\/","title":{"rendered":"Visi\u00f3n penetrante\u00a0"},"content":{"rendered":"<p>N\u00faria Manso<br \/>\nVisi\u00f3 penetrant<br \/>\n29 x 43.5cm<br \/>\nPhoto paper<\/p>\n<p style=\"text-align: justify;\"><em><strong>\u00abVisi\u00f3n penetrante<\/strong> (2015) refleja el contenido de una instalaci\u00f3n fotogr\u00e1fica realizada en Can Bast\u00e9, Barcelona, el a\u00f1o 1998. Aqu\u00ed se suceden, de forma concatenada, tres series tem\u00e1ticas de im\u00e1genes. Una de estas, por ejemplo incorpora cruces de farmacias, calles de Barcelona y espacios que eran o hab\u00edan sido galer\u00edas o centros de arte. La animaci\u00f3n de im\u00e1genes transcurre en sentido horizontal por estas tres series donde, de vez en cu\u00e1ndo, se produce un alto vertical para pasar a otra serie.\u00bb<\/em><br \/>\n<em>Dom\u00e8nec Ribot<\/em><br \/>\n<em>Cr\u00edtico de arte<\/em><br \/>\n<em>Barcelona, julio de 2019.<\/em><\/p>\n<p>&nbsp;<\/p>\n","protected":false},"excerpt":{"rendered":"<p><strong>N\u00faria Manso<\/strong><br \/>\nVisi\u00f3 penetrant<br \/>\n29 x 43.5cm<br \/>\nPhoto paper<\/p>\n","protected":false},"featured_media":3135,"template":"","meta":{"seo_booster_metabox":""},"product_cat":[132,42],"product_tag":[],"aioseo_notices":[],"_links":{"self":[{"href":"https:\/\/www.red03.com\/2016\/wp-json\/wp\/v2\/product\/3139"}],"collection":[{"href":"https:\/\/www.red03.com\/2016\/wp-json\/wp\/v2\/product"}],"about":[{"href":"https:\/\/www.red03.com\/2016\/wp-json\/wp\/v2\/types\/product"}],"wp:featuredmedia":[{"embeddable":true,"href":"https:\/\/www.red03.com\/2016\/wp-json\/wp\/v2\/media\/3135"}],"wp:attachment":[{"href":"https:\/\/www.red03.com\/2016\/wp-json\/wp\/v2\/media?parent=3139"}],"wp:term":[{"taxonomy":"product_cat","embeddable":true,"href":"https:\/\/www.red03.com\/2016\/wp-json\/wp\/v2\/product_cat?post=3139"},{"taxonomy":"product_tag","embeddable":true,"href":"https:\/\/www.red03.com\/2016\/wp-json\/wp\/v2\/product_tag?post=3139"}],"curies":[{"name":"wp","href":"https:\/\/api.w.org\/{rel}","templated":true}]}}