{"id":3143,"date":"2019-11-08T18:13:26","date_gmt":"2019-11-08T18:13:26","guid":{"rendered":"https:\/\/www.red03.com\/2016\/?post_type=product&#038;p=3143"},"modified":"2020-07-05T21:29:20","modified_gmt":"2020-07-05T21:29:20","slug":"berlin-33","status":"publish","type":"product","link":"https:\/\/www.red03.com\/2016\/producto\/berlin-33\/","title":{"rendered":"Berlin 33"},"content":{"rendered":"<p><strong>N\u00faria Manso<\/strong><br \/>\nYo estuve \/ Estoy all\u00ed<br \/>\n29 x 43.5cm<br \/>\nPhoto paper<\/p>\n<p style=\"text-align: justify;\"><em>\u00abUn recorrido vital a base de una recopilaci\u00f3n de im\u00e1genes de la propia artista de los sucesos ocurridos en Berl\u00edn el a\u00f1o 1989 con la ca\u00edda del muro. Im\u00e1genes de los espacios adyacentes al muro repletos de gente expectante y de polic\u00edas que se mueven a u\u00a0 ritmo trepidante. El valor simb\u00f3lico es evidente: la imagen de un muro que cierra un espacio y el deseo de superar-lo\u2026\u00bb<\/em><br \/>\n<em><strong>Yo estuve \/ Estoy all\u00ed<\/strong> (2013)<\/em><br \/>\n<em>Dom\u00e8nec Ribot<\/em><br \/>\n<em>Cr\u00edtico de arte<\/em><br \/>\n<em>Barcelona, julio de 2019.<\/em><\/p>\n","protected":false},"excerpt":{"rendered":"<p><strong>N\u00faria Manso<\/strong><br \/>\nYo estuve \/ Estoy all\u00ed<br \/>\n29 x 43.5cm<br \/>\nPhoto paper<\/p>\n","protected":false},"featured_media":3132,"template":"","meta":{"seo_booster_metabox":""},"product_cat":[132,42],"product_tag":[],"aioseo_notices":[],"_links":{"self":[{"href":"https:\/\/www.red03.com\/2016\/wp-json\/wp\/v2\/product\/3143"}],"collection":[{"href":"https:\/\/www.red03.com\/2016\/wp-json\/wp\/v2\/product"}],"about":[{"href":"https:\/\/www.red03.com\/2016\/wp-json\/wp\/v2\/types\/product"}],"wp:featuredmedia":[{"embeddable":true,"href":"https:\/\/www.red03.com\/2016\/wp-json\/wp\/v2\/media\/3132"}],"wp:attachment":[{"href":"https:\/\/www.red03.com\/2016\/wp-json\/wp\/v2\/media?parent=3143"}],"wp:term":[{"taxonomy":"product_cat","embeddable":true,"href":"https:\/\/www.red03.com\/2016\/wp-json\/wp\/v2\/product_cat?post=3143"},{"taxonomy":"product_tag","embeddable":true,"href":"https:\/\/www.red03.com\/2016\/wp-json\/wp\/v2\/product_tag?post=3143"}],"curies":[{"name":"wp","href":"https:\/\/api.w.org\/{rel}","templated":true}]}}