{"id":3152,"date":"2019-11-09T11:43:23","date_gmt":"2019-11-09T11:43:23","guid":{"rendered":"https:\/\/www.red03.com\/2016\/?post_type=product&#038;p=3152"},"modified":"2021-09-04T17:03:00","modified_gmt":"2021-09-04T17:03:00","slug":"alfabeto-erotico","status":"publish","type":"product","link":"https:\/\/www.red03.com\/2016\/producto\/alfabeto-erotico\/","title":{"rendered":"Alfabeto er\u00f3tico"},"content":{"rendered":"<p><strong>Tom\u00e1s M\u00fcller<\/strong><\/p>\n<p>Edici\u00f3n de autor.<br \/>\n42 x 30cm<br \/>\nPapel de alta calidad.<\/p>\n","protected":false},"excerpt":{"rendered":"<p><strong>Tom\u00e1s M\u00fcller<br \/>\n<\/strong>Edici\u00f3n de autor.<br \/>\n42 x 30cm<\/p>\n","protected":false},"featured_media":3187,"template":"","meta":{"seo_booster_metabox":""},"product_cat":[116,52],"product_tag":[],"aioseo_notices":[],"_links":{"self":[{"href":"https:\/\/www.red03.com\/2016\/wp-json\/wp\/v2\/product\/3152"}],"collection":[{"href":"https:\/\/www.red03.com\/2016\/wp-json\/wp\/v2\/product"}],"about":[{"href":"https:\/\/www.red03.com\/2016\/wp-json\/wp\/v2\/types\/product"}],"wp:featuredmedia":[{"embeddable":true,"href":"https:\/\/www.red03.com\/2016\/wp-json\/wp\/v2\/media\/3187"}],"wp:attachment":[{"href":"https:\/\/www.red03.com\/2016\/wp-json\/wp\/v2\/media?parent=3152"}],"wp:term":[{"taxonomy":"product_cat","embeddable":true,"href":"https:\/\/www.red03.com\/2016\/wp-json\/wp\/v2\/product_cat?post=3152"},{"taxonomy":"product_tag","embeddable":true,"href":"https:\/\/www.red03.com\/2016\/wp-json\/wp\/v2\/product_tag?post=3152"}],"curies":[{"name":"wp","href":"https:\/\/api.w.org\/{rel}","templated":true}]}}