{"id":3278,"date":"2020-01-16T16:14:24","date_gmt":"2020-01-16T16:14:24","guid":{"rendered":"https:\/\/www.red03.com\/2016\/?post_type=product&#038;p=3278"},"modified":"2021-09-04T16:42:42","modified_gmt":"2021-09-04T16:42:42","slug":"garcia-marquez","status":"publish","type":"product","link":"https:\/\/www.red03.com\/2016\/producto\/garcia-marquez\/","title":{"rendered":"Garc\u00eda M\u00e1rquez"},"content":{"rendered":"<p>Tom\u00e1s M\u00fcller<br \/>\nRetratos de escritores<br \/>\nPastel sobre papel<br \/>\n40 x 29.5cm<\/p>\n<p style=\"text-align: right;\">De esta obra existen reproducciones firmadas por el autor.\u00a0 Disponibles <a href=\"https:\/\/www.red03.com\/2016\/categoria-producto\/open-edition\/prints\/\">aqu\u00ed<\/a><\/p>\n<p style=\"text-align: left;\"><em><br \/>\nTom\u00e1s M\u00fcller<br \/>\nPortraits of writers<\/em><br \/>\n<em>Pastel chalks on paper<\/em><br \/>\n<em>15 x 11 in<\/em><\/p>\n<p style=\"text-align: right;\"><em>There are HQ Prints of this work, signed by the author.\u00a0 <\/em><em>Available <a href=\"https:\/\/www.red03.com\/2016\/categoria-producto\/open-edition\/prints\/\">here<\/a><\/em><\/p>\n","protected":false},"excerpt":{"rendered":"<p><strong>Tom\u00e1s M\u00fcller<\/strong><br \/>\nRetratos de escritores<br \/>\nPastel sobre papel<br \/>\n40 x 29.5cm<\/p>\n","protected":false},"featured_media":3279,"template":"","meta":{"seo_booster_metabox":""},"product_cat":[116,46],"product_tag":[],"aioseo_notices":[],"_links":{"self":[{"href":"https:\/\/www.red03.com\/2016\/wp-json\/wp\/v2\/product\/3278"}],"collection":[{"href":"https:\/\/www.red03.com\/2016\/wp-json\/wp\/v2\/product"}],"about":[{"href":"https:\/\/www.red03.com\/2016\/wp-json\/wp\/v2\/types\/product"}],"wp:featuredmedia":[{"embeddable":true,"href":"https:\/\/www.red03.com\/2016\/wp-json\/wp\/v2\/media\/3279"}],"wp:attachment":[{"href":"https:\/\/www.red03.com\/2016\/wp-json\/wp\/v2\/media?parent=3278"}],"wp:term":[{"taxonomy":"product_cat","embeddable":true,"href":"https:\/\/www.red03.com\/2016\/wp-json\/wp\/v2\/product_cat?post=3278"},{"taxonomy":"product_tag","embeddable":true,"href":"https:\/\/www.red03.com\/2016\/wp-json\/wp\/v2\/product_tag?post=3278"}],"curies":[{"name":"wp","href":"https:\/\/api.w.org\/{rel}","templated":true}]}}