{"id":3307,"date":"2020-01-17T13:24:28","date_gmt":"2020-01-17T13:24:28","guid":{"rendered":"https:\/\/www.red03.com\/2016\/?post_type=product&#038;p=3307"},"modified":"2021-09-04T17:07:56","modified_gmt":"2021-09-04T17:07:56","slug":"garcia-marquez-2","status":"publish","type":"product","link":"https:\/\/www.red03.com\/2016\/producto\/garcia-marquez-2\/","title":{"rendered":"Garc\u00eda M\u00e1rquez"},"content":{"rendered":"<p>Tom\u00e1s M\u00fcller<\/p>\n<p>Edici\u00f3n de autor.<br \/>\n42 x 29.5cm<br \/>\nReproducciones firmadas por el autor.<br \/>\n&#8230;&#8230;&#8230;&#8230;&#8230;&#8230;&#8230;&#8230;&#8230;&#8230;&#8230;&#8230;&#8230;..<br \/>\n<em>Author&#8217;s edition<\/em><br \/>\n<em>16 x 11in<\/em><br \/>\n<em>HQ Prints, signed by the author<\/em><\/p>\n<p style=\"text-align: right;\">Obra original disponible <a href=\"https:\/\/www.red03.com\/2016\/categoria-producto\/artists\/tomas-muller\/\">aqu\u00ed<\/a><\/p>\n<p style=\"text-align: right;\"><em>Original artwork available <a href=\"https:\/\/www.red03.com\/2016\/categoria-producto\/artists\/tomas-muller\/\">here<\/a><\/em><\/p>\n","protected":false},"excerpt":{"rendered":"<p>Tom\u00e1s M\u00fcller Edici\u00f3n de autor. 42 x 29.5cm Reproducciones firmadas por el autor. &#8230;&#8230;&#8230;&#8230;&#8230;&#8230;&#8230;&#8230;&#8230;&#8230;&#8230;&#8230;&#8230;.. Author&#8217;s edition 16 x 11in HQ Prints, signed by the author Obra original disponible aqu\u00ed Original artwork available here<\/p>\n","protected":false},"featured_media":3279,"template":"","meta":{"seo_booster_metabox":""},"product_cat":[52],"product_tag":[],"aioseo_notices":[],"_links":{"self":[{"href":"https:\/\/www.red03.com\/2016\/wp-json\/wp\/v2\/product\/3307"}],"collection":[{"href":"https:\/\/www.red03.com\/2016\/wp-json\/wp\/v2\/product"}],"about":[{"href":"https:\/\/www.red03.com\/2016\/wp-json\/wp\/v2\/types\/product"}],"wp:featuredmedia":[{"embeddable":true,"href":"https:\/\/www.red03.com\/2016\/wp-json\/wp\/v2\/media\/3279"}],"wp:attachment":[{"href":"https:\/\/www.red03.com\/2016\/wp-json\/wp\/v2\/media?parent=3307"}],"wp:term":[{"taxonomy":"product_cat","embeddable":true,"href":"https:\/\/www.red03.com\/2016\/wp-json\/wp\/v2\/product_cat?post=3307"},{"taxonomy":"product_tag","embeddable":true,"href":"https:\/\/www.red03.com\/2016\/wp-json\/wp\/v2\/product_tag?post=3307"}],"curies":[{"name":"wp","href":"https:\/\/api.w.org\/{rel}","templated":true}]}}