{"id":3967,"date":"2020-07-01T08:08:06","date_gmt":"2020-07-01T08:08:06","guid":{"rendered":"https:\/\/www.red03.com\/2016\/?post_type=product&#038;p=3967"},"modified":"2020-11-20T17:10:32","modified_gmt":"2020-11-20T17:10:32","slug":"5123","status":"publish","type":"product","link":"https:\/\/www.red03.com\/2016\/producto\/5123\/","title":{"rendered":"Emptiness # 5123"},"content":{"rendered":"<p>T\u00e9cnica mixta (acr\u00edlico y \u00f3leo) sobre lienzo<br \/>\n73 x 116cm<\/p>\n","protected":false},"excerpt":{"rendered":"<p><strong>Marcela Jard\u00f3n<\/strong><br \/>\nT\u00e9cnica mixta (acr\u00edlico y \u00f3leo) sobre lienzo<br \/>\n73 x 116cm<\/p>\n","protected":false},"featured_media":3968,"template":"","meta":{"seo_booster_metabox":""},"product_cat":[37,169,153],"product_tag":[],"aioseo_notices":[],"_links":{"self":[{"href":"https:\/\/www.red03.com\/2016\/wp-json\/wp\/v2\/product\/3967"}],"collection":[{"href":"https:\/\/www.red03.com\/2016\/wp-json\/wp\/v2\/product"}],"about":[{"href":"https:\/\/www.red03.com\/2016\/wp-json\/wp\/v2\/types\/product"}],"wp:featuredmedia":[{"embeddable":true,"href":"https:\/\/www.red03.com\/2016\/wp-json\/wp\/v2\/media\/3968"}],"wp:attachment":[{"href":"https:\/\/www.red03.com\/2016\/wp-json\/wp\/v2\/media?parent=3967"}],"wp:term":[{"taxonomy":"product_cat","embeddable":true,"href":"https:\/\/www.red03.com\/2016\/wp-json\/wp\/v2\/product_cat?post=3967"},{"taxonomy":"product_tag","embeddable":true,"href":"https:\/\/www.red03.com\/2016\/wp-json\/wp\/v2\/product_tag?post=3967"}],"curies":[{"name":"wp","href":"https:\/\/api.w.org\/{rel}","templated":true}]}}