{"id":3969,"date":"2020-07-01T08:16:17","date_gmt":"2020-07-01T08:16:17","guid":{"rendered":"https:\/\/www.red03.com\/2016\/?post_type=product&#038;p=3969"},"modified":"2020-10-06T18:05:11","modified_gmt":"2020-10-06T18:05:11","slug":"5133","status":"publish","type":"product","link":"https:\/\/www.red03.com\/2016\/producto\/5133\/","title":{"rendered":"Emptiness # 5133"},"content":{"rendered":"<p>Marcela Jard\u00f3n<br \/>\nT\u00e9cnica mixta (acr\u00edlico y \u00f3leo) sobre lienzo<br \/>\n63 x 63cm<\/p>\n","protected":false},"excerpt":{"rendered":"<p><strong>Marcela Jard\u00f3n<\/strong><br \/>\nT\u00e9cnica mixta (acr\u00edlico y \u00f3leo) sobre lienzo<br \/>\n63 x 63cm<\/p>\n","protected":false},"featured_media":3970,"template":"","meta":{"seo_booster_metabox":""},"product_cat":[37,169,153],"product_tag":[],"aioseo_notices":[],"_links":{"self":[{"href":"https:\/\/www.red03.com\/2016\/wp-json\/wp\/v2\/product\/3969"}],"collection":[{"href":"https:\/\/www.red03.com\/2016\/wp-json\/wp\/v2\/product"}],"about":[{"href":"https:\/\/www.red03.com\/2016\/wp-json\/wp\/v2\/types\/product"}],"wp:featuredmedia":[{"embeddable":true,"href":"https:\/\/www.red03.com\/2016\/wp-json\/wp\/v2\/media\/3970"}],"wp:attachment":[{"href":"https:\/\/www.red03.com\/2016\/wp-json\/wp\/v2\/media?parent=3969"}],"wp:term":[{"taxonomy":"product_cat","embeddable":true,"href":"https:\/\/www.red03.com\/2016\/wp-json\/wp\/v2\/product_cat?post=3969"},{"taxonomy":"product_tag","embeddable":true,"href":"https:\/\/www.red03.com\/2016\/wp-json\/wp\/v2\/product_tag?post=3969"}],"curies":[{"name":"wp","href":"https:\/\/api.w.org\/{rel}","templated":true}]}}