{"id":3999,"date":"2020-07-01T09:27:37","date_gmt":"2020-07-01T09:27:37","guid":{"rendered":"https:\/\/www.red03.com\/2016\/?post_type=product&#038;p=3999"},"modified":"2020-11-20T17:09:46","modified_gmt":"2020-11-20T17:09:46","slug":"mutando-la-percepcion-ii","status":"publish","type":"product","link":"https:\/\/www.red03.com\/2016\/producto\/mutando-la-percepcion-ii\/","title":{"rendered":"Mutando la percepci\u00f3n II"},"content":{"rendered":"<p>Marcela Jard\u00f3n<br \/>\nAcr\u00edlico y \u00f3leo sobre algod\u00f3n<br \/>\n50 x 30 cm<\/p>\n","protected":false},"excerpt":{"rendered":"<p><strong>Marcela Jard\u00f3n<\/strong><br \/>\nAcr\u00edlico y \u00f3leo sobre algod\u00f3n<br \/>\n50 x 30 cm<\/p>\n","protected":false},"featured_media":3972,"template":"","meta":{"seo_booster_metabox":""},"product_cat":[37,169,154],"product_tag":[],"aioseo_notices":[],"_links":{"self":[{"href":"https:\/\/www.red03.com\/2016\/wp-json\/wp\/v2\/product\/3999"}],"collection":[{"href":"https:\/\/www.red03.com\/2016\/wp-json\/wp\/v2\/product"}],"about":[{"href":"https:\/\/www.red03.com\/2016\/wp-json\/wp\/v2\/types\/product"}],"wp:featuredmedia":[{"embeddable":true,"href":"https:\/\/www.red03.com\/2016\/wp-json\/wp\/v2\/media\/3972"}],"wp:attachment":[{"href":"https:\/\/www.red03.com\/2016\/wp-json\/wp\/v2\/media?parent=3999"}],"wp:term":[{"taxonomy":"product_cat","embeddable":true,"href":"https:\/\/www.red03.com\/2016\/wp-json\/wp\/v2\/product_cat?post=3999"},{"taxonomy":"product_tag","embeddable":true,"href":"https:\/\/www.red03.com\/2016\/wp-json\/wp\/v2\/product_tag?post=3999"}],"curies":[{"name":"wp","href":"https:\/\/api.w.org\/{rel}","templated":true}]}}