{"id":4009,"date":"2020-07-01T10:09:19","date_gmt":"2020-07-01T10:09:19","guid":{"rendered":"https:\/\/www.red03.com\/2016\/?post_type=product&#038;p=4009"},"modified":"2020-08-27T18:29:51","modified_gmt":"2020-08-27T18:29:51","slug":"espacio-tiempo-0943","status":"publish","type":"product","link":"https:\/\/www.red03.com\/2016\/producto\/espacio-tiempo-0943\/","title":{"rendered":"Espacio-tiempo #0943"},"content":{"rendered":"<p><em>Ejercicios para la comprensi\u00f3n del espacio-tiempo<\/em><\/p>\n<p><em>Serie compuesta por dibujos en papel, con el acto de dibujar como una forma de reflexi\u00f3n.<\/em><br \/>\n<em>En la pr\u00e1ctica, hago esto con dibujos altamente et\u00e9reos enmarcados con un toque muy ligero, casi inmaterial.<\/em><br \/>\n<em>Comienzo con la proposici\u00f3n l\u00f3gica de que el espacio-tiempo se basa en diferentes potenciales supuestos.<\/em><br \/>\n<em>Las diferencias en el potencial generan movimiento y provocan diferentes densidades.<\/em><br \/>\n<em>Diferentes densidades producen nodos perceptibles en un espacio-tiempo dado.<\/em><br \/>\n<em>Todo el tiempo cabe en un instante.<\/em><br \/>\n<em>Si el tiempo cabe en un instante, el espacio cabe en un punto.<\/em><br \/>\n<em>El tiempo se abre y se ralentiza cuando se aumentan las dimensiones: una dimensi\u00f3n (hiperconvergencia) es mucho m\u00e1s r\u00e1pida que dos dimensiones (planas), y dos dimensiones son m\u00e1s r\u00e1pidas que tres.<\/em><br \/>\n<em>El prop\u00f3sito es anterior a la existencia.<\/em><br \/>\n<em>El prop\u00f3sito se convierte en impulso, que se convierte en gesto, que se convierte en un trazo y genera espacio.<\/em><br \/>\n<em>Cada ejercicio genera un espacio-tiempo.<\/em><br \/>\n<em>El espacio es el escenario en el que se desarrolla el tiempo.<\/em><br \/>\n<em>Cada ejercicio presenta una nueva versi\u00f3n que recrea un cierto espacio-tiempo.<\/em><\/p>\n<p><a title=\"Ejercicios para la comprensi\u00f3n del espacio-tiempo\" href=\"https:\/\/www.red03.com\/2016\/3d-flip-book\/ejercicios-para-la-comprension-del-espacio-tiempo\/\" target=\"_blank\" rel=\"noopener noreferrer\">Cat\u00e1logo&gt;&gt;&gt;<\/a><\/p>\n","protected":false},"excerpt":{"rendered":"<p><strong>Marcela Jard\u00f3n<\/strong><br \/>\nCarboncillo, tiza, grafito, l\u00e1piz de colores sobre papel.<br \/>\n70 x 100cm<\/p>\n<p>&nbsp;<\/p>\n<p>&nbsp;<\/p>\n","protected":false},"featured_media":3982,"template":"","meta":{"seo_booster_metabox":""},"product_cat":[115,122,46,167,154],"product_tag":[],"aioseo_notices":[],"_links":{"self":[{"href":"https:\/\/www.red03.com\/2016\/wp-json\/wp\/v2\/product\/4009"}],"collection":[{"href":"https:\/\/www.red03.com\/2016\/wp-json\/wp\/v2\/product"}],"about":[{"href":"https:\/\/www.red03.com\/2016\/wp-json\/wp\/v2\/types\/product"}],"wp:featuredmedia":[{"embeddable":true,"href":"https:\/\/www.red03.com\/2016\/wp-json\/wp\/v2\/media\/3982"}],"wp:attachment":[{"href":"https:\/\/www.red03.com\/2016\/wp-json\/wp\/v2\/media?parent=4009"}],"wp:term":[{"taxonomy":"product_cat","embeddable":true,"href":"https:\/\/www.red03.com\/2016\/wp-json\/wp\/v2\/product_cat?post=4009"},{"taxonomy":"product_tag","embeddable":true,"href":"https:\/\/www.red03.com\/2016\/wp-json\/wp\/v2\/product_tag?post=4009"}],"curies":[{"name":"wp","href":"https:\/\/api.w.org\/{rel}","templated":true}]}}