{"id":4222,"date":"2020-07-07T15:14:22","date_gmt":"2020-07-07T15:14:22","guid":{"rendered":"https:\/\/www.red03.com\/2016\/?post_type=product&#038;p=4222"},"modified":"2020-07-08T07:32:43","modified_gmt":"2020-07-08T07:32:43","slug":"particulas-7","status":"publish","type":"product","link":"https:\/\/www.red03.com\/2016\/producto\/particulas-7\/","title":{"rendered":"Part\u00edculas  7"},"content":{"rendered":"<p style=\"text-align: justify;\"><strong>N\u00faria Duran,<\/strong> artista \u00a0catalana (1971), Licenciada en Bellas Artes por la Universidad de Barcelona. Ha desarrollado una trayectoria expositiva principalmente en Galer\u00edas y Centros de Arte de Espa\u00f1a, Portugal, Alemania, Suiza y Estados Unidos, paralelamente a su trabajo art\u00edstico durante 10 a\u00f1os ha desarrollado talleres experimentales de proceso creativo a trav\u00e9s del grabado, gestionados de forma aut\u00f3noma.<br \/>\nSiendo su primera escuela el dise\u00f1o textil y la pintura, posteriormente integr\u00f3 el collage y el grabado explorando diversas experiencias formales en su obra.<br \/>\nHa trabajado durante a\u00f1os con el paisaje como fuente de investigaci\u00f3n, buscando evidenciar las estructuras detr\u00e1s de la naturaleza.<br \/>\nEn los \u00faltimos a\u00f1os ha explorado ya no desde lo exterior, sino desde el interior del cuerpo humano, simbolizando este micro universo en todas sus formas de representaci\u00f3n. N\u00faria Duran propone obras, instalaciones y esculturas donde los puntos de conexi\u00f3n ya no son fijos, el cuerpo-obra puede siempre seguir transform\u00e1ndose en cuerpos m\u00f3viles y comunicantes.<\/p>\n","protected":false},"excerpt":{"rendered":"<p><strong>N\u00faria Duran<\/strong><br \/>\n50 x 50 cm<br \/>\n\u00d3leo sobre lienzo<br \/>\nA\u00f1o 2015<\/p>\n","protected":false},"featured_media":4217,"template":"","meta":{"seo_booster_metabox":""},"product_cat":[168,37,169,153],"product_tag":[],"aioseo_notices":[],"_links":{"self":[{"href":"https:\/\/www.red03.com\/2016\/wp-json\/wp\/v2\/product\/4222"}],"collection":[{"href":"https:\/\/www.red03.com\/2016\/wp-json\/wp\/v2\/product"}],"about":[{"href":"https:\/\/www.red03.com\/2016\/wp-json\/wp\/v2\/types\/product"}],"wp:featuredmedia":[{"embeddable":true,"href":"https:\/\/www.red03.com\/2016\/wp-json\/wp\/v2\/media\/4217"}],"wp:attachment":[{"href":"https:\/\/www.red03.com\/2016\/wp-json\/wp\/v2\/media?parent=4222"}],"wp:term":[{"taxonomy":"product_cat","embeddable":true,"href":"https:\/\/www.red03.com\/2016\/wp-json\/wp\/v2\/product_cat?post=4222"},{"taxonomy":"product_tag","embeddable":true,"href":"https:\/\/www.red03.com\/2016\/wp-json\/wp\/v2\/product_tag?post=4222"}],"curies":[{"name":"wp","href":"https:\/\/api.w.org\/{rel}","templated":true}]}}