{"id":4251,"date":"2020-07-07T16:02:26","date_gmt":"2020-07-07T16:02:26","guid":{"rendered":"https:\/\/www.red03.com\/2016\/?post_type=product&#038;p=4251"},"modified":"2020-07-09T08:01:43","modified_gmt":"2020-07-09T08:01:43","slug":"dialogos-1","status":"publish","type":"product","link":"https:\/\/www.red03.com\/2016\/producto\/dialogos-1\/","title":{"rendered":"Di\u00e1logos 1"},"content":{"rendered":"<header class=\"entry-header\">\n<h1 class=\"entry-title\"><em>Interconectados<\/em><\/h1>\n<\/header>\n<div class=\"entry-content\">\n<p style=\"text-align: justify;\"><em>\u00abN\u00faria Duran, nos presenta una parte de su nueva etapa de investigaci\u00f3n proponiendo di\u00e1logos entre el tr\u00e1nsito de lo individual a lo colectivo, a partir de tejidos celulares, membranas r\u00edgidas y blandas, que van conformando cuerpos de color y transparencias que confluyen en sutiles espacios comunicantes. Encontrarse, conectarse, la fuerza del colectivo, son las palabras claves del inicio de esta nueva etapa de su trabajo.<\/em><\/p>\n<p style=\"text-align: justify;\"><em>En los \u00faltimos a\u00f1os su investigaci\u00f3n se ha centrado en el micro espacio de la vida, la c\u00e9lula como eje o punto de partida, explorando con diferentes materiales da forma a estas estructuras org\u00e1nicas, blandas, fr\u00e1giles, a veces transform\u00e1ndose en delgadas membranas que nos permiten ver el mundo a trav\u00e9s de ellas.<\/em><\/p>\n<p style=\"text-align: justify;\"><em>N\u00faria Duran no busca igualdad ni repetici\u00f3n en sus entramados, si no todo lo contrario diversidad, explorar en las curvas, creando vasos comunicantes, conectando los cuerpos con su cuerpo, que cada vez m\u00e1s comienza a hacerse presente en su proceso de creaci\u00f3n. Ella busca entrar en di\u00e1logo con estas estructuras o arquitecturas, comenzando a trabajar en proyectos de performance futuros.\u00bb<\/em><\/p>\n<p style=\"text-align: justify;\"><em>Luz Mu\u00f1oz, comisaria independiente<\/em><\/p>\n<\/div>\n","protected":false},"excerpt":{"rendered":"<p><strong>N\u00faria Duran<\/strong><br \/>\nPapel 30 x 40cm<br \/>\nMarco sencillo de madera clara 42 x 52cm<br \/>\nAcuarela y \u00f3leo<br \/>\nA\u00f1o 2019<\/p>\n","protected":false},"featured_media":4278,"template":"","meta":{"seo_booster_metabox":""},"product_cat":[168,167,153],"product_tag":[],"aioseo_notices":[],"_links":{"self":[{"href":"https:\/\/www.red03.com\/2016\/wp-json\/wp\/v2\/product\/4251"}],"collection":[{"href":"https:\/\/www.red03.com\/2016\/wp-json\/wp\/v2\/product"}],"about":[{"href":"https:\/\/www.red03.com\/2016\/wp-json\/wp\/v2\/types\/product"}],"wp:featuredmedia":[{"embeddable":true,"href":"https:\/\/www.red03.com\/2016\/wp-json\/wp\/v2\/media\/4278"}],"wp:attachment":[{"href":"https:\/\/www.red03.com\/2016\/wp-json\/wp\/v2\/media?parent=4251"}],"wp:term":[{"taxonomy":"product_cat","embeddable":true,"href":"https:\/\/www.red03.com\/2016\/wp-json\/wp\/v2\/product_cat?post=4251"},{"taxonomy":"product_tag","embeddable":true,"href":"https:\/\/www.red03.com\/2016\/wp-json\/wp\/v2\/product_tag?post=4251"}],"curies":[{"name":"wp","href":"https:\/\/api.w.org\/{rel}","templated":true}]}}