{"id":4504,"date":"2020-08-10T08:17:11","date_gmt":"2020-08-10T08:17:11","guid":{"rendered":"https:\/\/www.red03.com\/2016\/?post_type=product&#038;p=4504"},"modified":"2020-08-10T08:18:30","modified_gmt":"2020-08-10T08:18:30","slug":"tempus-3","status":"publish","type":"product","link":"https:\/\/www.red03.com\/2016\/producto\/tempus-3\/","title":{"rendered":"Tempus 3"},"content":{"rendered":"<p>Tempus 3<br \/>\nyeso, resinas y tecnica mixta<br \/>\n50 x 50cm<\/p>\n<p style=\"text-align: justify;\"><em>\u00abLa mirada es alucinante, el tema terrible. Tan despiadado, Saturno de Goya devora a su hijo reci\u00e9n nacido en una famosa obra creada por \u00e9l mismo. Es un \u00f3leo sobre yeso, transferido a lienzo por iniciativa de su sobrino, para intentar frenar el r\u00e1pido deterioro debido a la fragilidad del material. Pero quiz\u00e1s fue la intenci\u00f3n de Goya mostrar c\u00f3mo el tiempo lo devora todo, incluido el trabajo. El mismo yeso fr\u00e1gil parece estar corrompido y rayado en las blanqu\u00edsimas \u00abpinturas negras\u00bb de Maria Spissu Nilson, h\u00e1bil estudiosa de los materiales y las palabras que en esta serie de naturaleza informal logra, con asombroso equilibrio y s\u00edntesis de medios, presentar su propia reflexi\u00f3n personal sobre una de las grandes temas de la historia humana: el tiempo. Lo hace recurriendo al mito, reparando la naturaleza circular y lineal de Cronos: c\u00edclico, eterno, inmutable, el tiempo de las estaciones que en el per\u00edodo de la cosecha renueva su fecundo significado: \u00abTu vientre es un mont\u00f3n de trigo rodeado de lirios\u00bb, leemos en el Cantar de los Cantares; un origen y un fin, el tiempo de la historia, del progreso, de los pueblos, de la fe, est\u00e1 grabado en grandes ep\u00edgrafes excavados como reliquias que pertenecieron a esa Roma cuya grandeza fue redescubierta, en pleno Renacimiento, en un primer momento como advertencia a la ef\u00edmera naturaleza de el hombre, luego como un redescubrimiento necesario de sus gloriosos or\u00edgenes y, finalmente, como una lectura rom\u00e1ntica conmovedora y melanc\u00f3lica de los vestigios de una civilizaci\u00f3n extinta. El tiempo devora todas las cosas porque est\u00e1 en la propia naturaleza de las cosas cambiar con el tiempo; lectura cient\u00edfica a la que no escap\u00f3 el gran Leonardo, que anot\u00f3 el verso de Ovidio en una de las p\u00e1ginas del admirable Codex Atlanticus, entre estudios de m\u00e1quinas y ejercicios caligr\u00e1ficos. Su interpretaci\u00f3n se revela sobre los fondos claroscuro de las obras entre la belleza inmutable de los retratos y el devenir incesante de los elementos naturales. Tiempo absoluto y tiempo relativo, el concepto ha evolucionado en los milenios que separan a Arist\u00f3teles de Einstein. Hoy el tiempo encuentra su expresi\u00f3n matem\u00e1tica que representa Maria Spissu Nilson creando grandes estandartes cubiertos de f\u00f3rmulas dif\u00edcilmente descifrables referentes a los ritos inici\u00e1ticos. Y la mente vuela a la bas\u00edlica subterr\u00e1nea de Porta Maggiore en Roma, un templo neopitag\u00f3rico del siglo I, famoso por sus magn\u00edficos estucos. Pero el tiempo es tambi\u00e9n uno de los dones m\u00e1s preciados que una sociedad como la nuestra, dispuesta a devorarlo todo r\u00e1pidamente, necesariamente debe redescubrir. La artista lo hace encomendando al incipit de un poema de Elli Michler la tarea de cerrar la exposici\u00f3n con la fuerza de una sonrisa amorosa.\u00bb<\/em><\/p>\n<p>Efisio Carbone<br \/>\nTe deseo tiempo<br \/>\n(Elli Michler)<br \/>\n<em>No te deseo ning\u00fan regalo,<\/em><br \/>\n<em>Solo te deseo lo que la mayor\u00eda de la gente no tiene.<\/em><br \/>\n<em>Te deseo tiempo para divertirte y re\u00edr;<\/em><br \/>\n<em>si lo usas bien puedes sacar algo de \u00e9l (&#8230;)<\/em><\/p>\n","protected":false},"excerpt":{"rendered":"<p><strong>Maria Spissu Nilson<\/strong><\/p>\n<p>yeso, resinas y t\u00e9cnica mixta<br \/>\n50 x 50cm<\/p>\n","protected":false},"featured_media":4505,"template":"","meta":{"seo_booster_metabox":""},"product_cat":[214,37],"product_tag":[],"aioseo_notices":[],"_links":{"self":[{"href":"https:\/\/www.red03.com\/2016\/wp-json\/wp\/v2\/product\/4504"}],"collection":[{"href":"https:\/\/www.red03.com\/2016\/wp-json\/wp\/v2\/product"}],"about":[{"href":"https:\/\/www.red03.com\/2016\/wp-json\/wp\/v2\/types\/product"}],"wp:featuredmedia":[{"embeddable":true,"href":"https:\/\/www.red03.com\/2016\/wp-json\/wp\/v2\/media\/4505"}],"wp:attachment":[{"href":"https:\/\/www.red03.com\/2016\/wp-json\/wp\/v2\/media?parent=4504"}],"wp:term":[{"taxonomy":"product_cat","embeddable":true,"href":"https:\/\/www.red03.com\/2016\/wp-json\/wp\/v2\/product_cat?post=4504"},{"taxonomy":"product_tag","embeddable":true,"href":"https:\/\/www.red03.com\/2016\/wp-json\/wp\/v2\/product_tag?post=4504"}],"curies":[{"name":"wp","href":"https:\/\/api.w.org\/{rel}","templated":true}]}}