{"id":4775,"date":"2020-10-06T16:46:11","date_gmt":"2020-10-06T16:46:11","guid":{"rendered":"https:\/\/www.red03.com\/2016\/?post_type=product&#038;p=4775"},"modified":"2020-10-06T16:56:38","modified_gmt":"2020-10-06T16:56:38","slug":"cuando-todo-se-acaba_besos_30","status":"publish","type":"product","link":"https:\/\/www.red03.com\/2016\/producto\/cuando-todo-se-acaba_besos_30\/","title":{"rendered":"Susurrando_P1170713"},"content":{"rendered":"<p><strong>N\u00faria Manso<\/strong><br \/>\n<em><strong>Susurrando<\/strong><\/em> (2020)<br \/>\n50 x 90cm<br \/>\nPhoto paper<\/p>\n<p><em>\u00abEn\u00a0<strong>Susurrando<\/strong> (video 2\u2019 21\u2019\u2019\/ 2020) hace una alegor\u00eda a la risa y los estados de alegr\u00eda. Im\u00e1genes de pies y viajeros del metro se entremezclan con miradas y risas de la artista como si no pudiera contener la risa. Las im\u00e1genes, que se suceden r\u00e1pidamente, generan una confrontaci\u00f3n con el espectador debido a esta diversidad sem\u00e1ntica e iconogr\u00e1fica entre la incitaci\u00f3n a la risa y los viajeros con sus pies.<\/em><em>\u00ab<\/em><\/p>\n<p><em>Dom\u00e8nec Ribot<\/em><br \/>\nCr\u00edtico de arte<br \/>\nBarcelona, septiembre de 2020, para City Screen LOOP Barcelona 2020<\/p>\n","protected":false},"excerpt":{"rendered":"<p><strong>N\u00faria Manso<\/strong><br \/>\n<em>Susurrando<\/em> (2020)<br \/>\n50 x 90cm<br \/>\nPhoto paper<\/p>\n","protected":false},"featured_media":4785,"template":"","meta":{"seo_booster_metabox":""},"product_cat":[132,42],"product_tag":[],"aioseo_notices":[],"_links":{"self":[{"href":"https:\/\/www.red03.com\/2016\/wp-json\/wp\/v2\/product\/4775"}],"collection":[{"href":"https:\/\/www.red03.com\/2016\/wp-json\/wp\/v2\/product"}],"about":[{"href":"https:\/\/www.red03.com\/2016\/wp-json\/wp\/v2\/types\/product"}],"wp:featuredmedia":[{"embeddable":true,"href":"https:\/\/www.red03.com\/2016\/wp-json\/wp\/v2\/media\/4785"}],"wp:attachment":[{"href":"https:\/\/www.red03.com\/2016\/wp-json\/wp\/v2\/media?parent=4775"}],"wp:term":[{"taxonomy":"product_cat","embeddable":true,"href":"https:\/\/www.red03.com\/2016\/wp-json\/wp\/v2\/product_cat?post=4775"},{"taxonomy":"product_tag","embeddable":true,"href":"https:\/\/www.red03.com\/2016\/wp-json\/wp\/v2\/product_tag?post=4775"}],"curies":[{"name":"wp","href":"https:\/\/api.w.org\/{rel}","templated":true}]}}