{"id":4782,"date":"2020-10-06T16:52:38","date_gmt":"2020-10-06T16:52:38","guid":{"rendered":"https:\/\/www.red03.com\/2016\/?post_type=product&#038;p=4782"},"modified":"2020-10-06T16:53:16","modified_gmt":"2020-10-06T16:53:16","slug":"cuando-todo-se-acaba_002_002","status":"publish","type":"product","link":"https:\/\/www.red03.com\/2016\/producto\/cuando-todo-se-acaba_002_002\/","title":{"rendered":"Cuando todo se acaba_002_002"},"content":{"rendered":"<p><strong>N\u00faria Manso<\/strong><br \/>\n<em><strong>Cuando todo se acaba<\/strong><\/em> (2020)<br \/>\n50 x 90cm<br \/>\nPhoto paper<\/p>\n<p><em>\u00ab<strong>Cuando todo se acaba<\/strong> (video, 4\u2019 28\u2019\u2019\/ 2020) nos presenta un discurso sereno sobre el final de la vida. Primeramente, a partir de im\u00e1genes cenitales captadas desde los puntos m\u00e1s altos de edificios emblem\u00e1ticos de la ciudad de Barcelona que hacen una clara referencia al cielo y las im\u00e1genes captadas desde arriba. Seguidamente, la concatenaci\u00f3n de im\u00e1genes cambia por unas secuencias de r\u00edos hasta llegar a su desembocadura en el mar.<\/em><em>\u00ab<\/em><\/p>\n<p><em>Dom\u00e8nec Ribot<\/em><br \/>\nCr\u00edtico de arte<br \/>\nBarcelona, septiembre de 2020, para City Screen LOOP Barcelona 2020<\/p>\n","protected":false},"excerpt":{"rendered":"<p><strong>N\u00faria Manso<\/strong><br \/>\n<em>Cuando todo se acaba<\/em> (2020)<br \/>\n50 x 90cm<br \/>\nPhoto paper<\/p>\n","protected":false},"featured_media":4783,"template":"","meta":{"seo_booster_metabox":""},"product_cat":[132,42],"product_tag":[],"aioseo_notices":[],"_links":{"self":[{"href":"https:\/\/www.red03.com\/2016\/wp-json\/wp\/v2\/product\/4782"}],"collection":[{"href":"https:\/\/www.red03.com\/2016\/wp-json\/wp\/v2\/product"}],"about":[{"href":"https:\/\/www.red03.com\/2016\/wp-json\/wp\/v2\/types\/product"}],"wp:featuredmedia":[{"embeddable":true,"href":"https:\/\/www.red03.com\/2016\/wp-json\/wp\/v2\/media\/4783"}],"wp:attachment":[{"href":"https:\/\/www.red03.com\/2016\/wp-json\/wp\/v2\/media?parent=4782"}],"wp:term":[{"taxonomy":"product_cat","embeddable":true,"href":"https:\/\/www.red03.com\/2016\/wp-json\/wp\/v2\/product_cat?post=4782"},{"taxonomy":"product_tag","embeddable":true,"href":"https:\/\/www.red03.com\/2016\/wp-json\/wp\/v2\/product_tag?post=4782"}],"curies":[{"name":"wp","href":"https:\/\/api.w.org\/{rel}","templated":true}]}}