{"id":4794,"date":"2020-10-06T17:14:08","date_gmt":"2020-10-06T17:14:08","guid":{"rendered":"https:\/\/www.red03.com\/2016\/?post_type=product&#038;p=4794"},"modified":"2020-10-06T17:15:01","modified_gmt":"2020-10-06T17:15:01","slug":"susurrando_p1110174","status":"publish","type":"product","link":"https:\/\/www.red03.com\/2016\/producto\/susurrando_p1110174\/","title":{"rendered":"Susurrando_P1110174"},"content":{"rendered":"<p><strong>N\u00faria Manso<\/strong><br \/>\n<em><strong>Susurrando<\/strong><\/em> (2020)<br \/>\n60 x 80cm<br \/>\nPhoto paper<\/p>\n<p><em>\u00abEn\u00a0<strong>Susurrando<\/strong> (video 2\u2019 21\u2019\u2019\/ 2020) hace una alegor\u00eda a la risa y los estados de alegr\u00eda. Im\u00e1genes de pies y viajeros del metro se entremezclan con miradas y risas de la artista como si no pudiera contener la risa. Las im\u00e1genes, que se suceden r\u00e1pidamente, generan una confrontaci\u00f3n con el espectador debido a esta diversidad sem\u00e1ntica e iconogr\u00e1fica entre la incitaci\u00f3n a la risa y los viajeros con sus pies.<\/em><em>\u00ab<\/em><\/p>\n<p><em>Dom\u00e8nec Ribot<\/em><br \/>\nCr\u00edtico de arte<br \/>\nBarcelona, septiembre de 2020, para City Screen LOOP Barcelona 2020<\/p>\n","protected":false},"excerpt":{"rendered":"<p><strong>N\u00faria Manso<\/strong><br \/>\n<em>Susurrando<\/em> (2020)<br \/>\n60 x 80cm<br \/>\nPhoto paper<\/p>\n","protected":false},"featured_media":4795,"template":"","meta":{"seo_booster_metabox":""},"product_cat":[132,42],"product_tag":[],"aioseo_notices":[],"_links":{"self":[{"href":"https:\/\/www.red03.com\/2016\/wp-json\/wp\/v2\/product\/4794"}],"collection":[{"href":"https:\/\/www.red03.com\/2016\/wp-json\/wp\/v2\/product"}],"about":[{"href":"https:\/\/www.red03.com\/2016\/wp-json\/wp\/v2\/types\/product"}],"wp:featuredmedia":[{"embeddable":true,"href":"https:\/\/www.red03.com\/2016\/wp-json\/wp\/v2\/media\/4795"}],"wp:attachment":[{"href":"https:\/\/www.red03.com\/2016\/wp-json\/wp\/v2\/media?parent=4794"}],"wp:term":[{"taxonomy":"product_cat","embeddable":true,"href":"https:\/\/www.red03.com\/2016\/wp-json\/wp\/v2\/product_cat?post=4794"},{"taxonomy":"product_tag","embeddable":true,"href":"https:\/\/www.red03.com\/2016\/wp-json\/wp\/v2\/product_tag?post=4794"}],"curies":[{"name":"wp","href":"https:\/\/api.w.org\/{rel}","templated":true}]}}