{"id":5286,"date":"2022-05-14T10:23:21","date_gmt":"2022-05-14T10:23:21","guid":{"rendered":"https:\/\/www.red03.com\/2016\/?post_type=product&#038;p=5286"},"modified":"2022-05-14T10:23:23","modified_gmt":"2022-05-14T10:23:23","slug":"gabita-fernandez-mendez","status":"publish","type":"product","link":"https:\/\/www.red03.com\/2016\/producto\/gabita-fernandez-mendez\/","title":{"rendered":"Gabita Fern\u00e1ndez M\u00e9ndez"},"content":{"rendered":"","protected":false},"excerpt":{"rendered":"<p>Gabita Fern\u00e1ndez M\u00e9ndez<br \/>\nPintura s\/cart\u00f3n<br \/>\n31 x 33cm<\/p>\n","protected":false},"featured_media":5288,"template":"","meta":{"seo_booster_metabox":""},"product_cat":[223],"product_tag":[],"aioseo_notices":[],"_links":{"self":[{"href":"https:\/\/www.red03.com\/2016\/wp-json\/wp\/v2\/product\/5286"}],"collection":[{"href":"https:\/\/www.red03.com\/2016\/wp-json\/wp\/v2\/product"}],"about":[{"href":"https:\/\/www.red03.com\/2016\/wp-json\/wp\/v2\/types\/product"}],"wp:featuredmedia":[{"embeddable":true,"href":"https:\/\/www.red03.com\/2016\/wp-json\/wp\/v2\/media\/5288"}],"wp:attachment":[{"href":"https:\/\/www.red03.com\/2016\/wp-json\/wp\/v2\/media?parent=5286"}],"wp:term":[{"taxonomy":"product_cat","embeddable":true,"href":"https:\/\/www.red03.com\/2016\/wp-json\/wp\/v2\/product_cat?post=5286"},{"taxonomy":"product_tag","embeddable":true,"href":"https:\/\/www.red03.com\/2016\/wp-json\/wp\/v2\/product_tag?post=5286"}],"curies":[{"name":"wp","href":"https:\/\/api.w.org\/{rel}","templated":true}]}}